{"id":51,"date":"2025-11-25T12:50:09","date_gmt":"2025-11-25T11:50:09","guid":{"rendered":"https:\/\/cafe-grosskopff.regio-gt.de\/ambiente\/"},"modified":"2026-03-30T13:14:58","modified_gmt":"2026-03-30T11:14:58","slug":"ambiente","status":"publish","type":"page","link":"https:\/\/cafe-grosskopff.regio-gt.de\/startseite\/ambiente\/","title":{"rendered":"Ambiente"},"content":{"rendered":"\n  \n    \n    <section class=\"u-align-center u-clearfix u-container-align-center-lg u-container-align-center-md u-container-align-center-sm u-container-align-center-xl u-hidden-lg u-hidden-md u-hidden-sm u-hidden-xl u-palette-5-base u-section-2\" id=\"sec-8962\">\n      <div class=\"u-clearfix u-sheet u-valign-middle-xs u-sheet-1\">\n        <div class=\"u-carousel u-expanded-width-xs u-gallery u-gallery-slider u-layout-carousel u-no-transition u-show-text-on-hover u-gallery-1\" id=\"carousel-ba74\" data-interval=\"5000\" data-u-ride=\"carousel\">\n          <ol class=\"u-absolute-hcenter u-carousel-indicators u-carousel-indicators-1\">\n            <li data-u-target=\"#carousel-ba74\" data-u-slide-to=\"0\" class=\"u-active u-grey-70 u-shape-circle\" style=\"width: 10px; height: 10px;\"><\/li>\n            <li data-u-target=\"#carousel-ba74\" data-u-slide-to=\"1\" class=\"u-grey-70 u-shape-circle\" style=\"width: 10px; height: 10px;\"><\/li>\n            <li data-u-target=\"#carousel-ba74\" data-u-slide-to=\"2\" class=\"u-grey-70 u-shape-circle\" style=\"width: 10px; height: 10px;\"><\/li>\n            <li data-u-target=\"#carousel-ba74\" data-u-slide-to=\"3\" class=\"u-grey-70 u-shape-circle\" style=\"width: 10px; height: 10px;\"><\/li>\n            <li data-u-target=\"#carousel-ba74\" data-u-slide-to=\"4\" class=\"u-grey-70 u-shape-circle\" style=\"width: 10px; height: 10px;\"><\/li>\n            <li data-u-target=\"#carousel-ba74\" data-u-slide-to=\"5\" class=\"u-grey-70 u-shape-circle\" style=\"width: 10px; height: 10px;\"><\/li>\n            <li data-u-target=\"#carousel-ba74\" data-u-slide-to=\"6\" class=\"u-grey-70 u-shape-circle\" style=\"width: 10px; height: 10px;\"><\/li>\n            <li data-u-target=\"#carousel-ba74\" data-u-slide-to=\"7\" class=\"u-grey-70 u-shape-circle\" style=\"width: 10px; height: 10px;\"><\/li>\n            <li data-u-target=\"#carousel-ba74\" data-u-slide-to=\"8\" class=\"u-grey-70 u-shape-circle\" style=\"width: 10px; height: 10px;\"><\/li>\n          <\/ol>\n          <div class=\"u-carousel-inner u-gallery-inner\" role=\"listbox\">\n            <div class=\"u-active u-carousel-item u-effect-fade u-effect-hover-zoom u-gallery-item u-carousel-item-1\">\n              <div class=\"u-back-slide\" data-image-width=\"1200\" data-image-height=\"800\">\n                <img decoding=\"async\" class=\"u-back-image u-expanded\" src=\"https:\/\/cafe-grosskopff.regio-gt.de\/wp-content\/uploads\/2025\/11\/07.jpg\">\n              <\/div>\n              <div class=\"u-align-center u-over-slide u-shading u-valign-bottom u-over-slide-1\"><\/div>\n            <\/div>\n            <div class=\"u-carousel-item u-effect-fade u-effect-hover-zoom u-gallery-item u-carousel-item-2\">\n              <div class=\"u-back-slide\" data-image-width=\"1200\" data-image-height=\"800\">\n                <img decoding=\"async\" class=\"u-back-image u-expanded\" src=\"https:\/\/cafe-grosskopff.regio-gt.de\/wp-content\/uploads\/2025\/11\/08.jpg\">\n              <\/div>\n              <div class=\"u-align-center u-over-slide u-shading u-valign-bottom u-over-slide-2\">\n                <h3 class=\"u-gallery-heading\">Sample Title<\/h3>\n                <p class=\"u-gallery-text\">Sample Text<\/p>\n              <\/div>\n            <\/div>\n            <div class=\"u-carousel-item u-effect-fade u-effect-hover-zoom u-gallery-item u-carousel-item-3\" data-image-width=\"1200\" data-image-height=\"677\">\n              <div class=\"u-back-slide\">\n                <img decoding=\"async\" class=\"u-back-image u-expanded\" src=\"https:\/\/cafe-grosskopff.regio-gt.de\/wp-content\/uploads\/2025\/11\/16.jpg\">\n              <\/div>\n              <div class=\"u-align-center u-over-slide u-shading u-valign-bottom u-over-slide-3\">\n                <h3 class=\"u-gallery-heading\">Beispiel-Titel<\/h3>\n                <p class=\"u-gallery-text\">Beispiel-Text<\/p>\n              <\/div>\n              <style data-mode=\"XL\" data-visited=\"true\"><\/style>\n              <style data-mode=\"LG\"><\/style>\n              <style data-mode=\"MD\"><\/style>\n              <style data-mode=\"SM\"><\/style>\n              <style data-mode=\"XS\" data-visited=\"true\"><\/style>\n            <\/div>\n            <div class=\"u-carousel-item u-effect-fade u-effect-hover-zoom u-gallery-item u-carousel-item-4\" data-image-width=\"1200\" data-image-height=\"898\">\n              <div class=\"u-back-slide\">\n                <img decoding=\"async\" class=\"u-back-image u-expanded\" src=\"https:\/\/cafe-grosskopff.regio-gt.de\/wp-content\/uploads\/2025\/11\/21.jpg\">\n              <\/div>\n              <div class=\"u-align-center u-over-slide u-shading u-valign-bottom u-over-slide-4\">\n                <h3 class=\"u-gallery-heading\">Beispiel-Titel<\/h3>\n                <p class=\"u-gallery-text\">Beispiel-Text<\/p>\n              <\/div>\n              <style data-mode=\"XL\" data-visited=\"true\"><\/style>\n              <style data-mode=\"LG\"><\/style>\n              <style data-mode=\"MD\"><\/style>\n              <style data-mode=\"SM\"><\/style>\n              <style data-mode=\"XS\"><\/style>\n            <\/div>\n            <div class=\"u-carousel-item u-effect-fade u-effect-hover-zoom u-gallery-item u-carousel-item-5\" data-image-width=\"1200\" data-image-height=\"677\">\n              <div class=\"u-back-slide\">\n                <img decoding=\"async\" class=\"u-back-image u-expanded\" src=\"https:\/\/cafe-grosskopff.regio-gt.de\/wp-content\/uploads\/2025\/11\/14.jpg\">\n              <\/div>\n              <div class=\"u-align-center u-over-slide u-shading u-valign-bottom u-over-slide-5\">\n                <h3 class=\"u-gallery-heading\">Beispiel-Titel<\/h3>\n                <p class=\"u-gallery-text\">Beispiel-Text<\/p>\n              <\/div>\n              <style data-mode=\"XL\" data-visited=\"true\"><\/style>\n              <style data-mode=\"LG\"><\/style>\n              <style data-mode=\"MD\"><\/style>\n              <style data-mode=\"SM\"><\/style>\n              <style data-mode=\"XS\"><\/style>\n            <\/div>\n            <div class=\"u-carousel-item u-effect-fade u-effect-hover-zoom u-gallery-item u-carousel-item-6\" data-image-width=\"1200\" data-image-height=\"900\">\n              <div class=\"u-back-slide\">\n                <img decoding=\"async\" class=\"u-back-image u-expanded\" src=\"https:\/\/cafe-grosskopff.regio-gt.de\/wp-content\/uploads\/2025\/11\/01.jpg\">\n              <\/div>\n              <div class=\"u-align-center u-over-slide u-shading u-valign-bottom u-over-slide-6\"><\/div>\n              <style data-mode=\"XL\" data-visited=\"true\"><\/style>\n              <style data-mode=\"LG\"><\/style>\n              <style data-mode=\"MD\"><\/style>\n              <style data-mode=\"SM\"><\/style>\n              <style data-mode=\"XS\"><\/style>\n            <\/div>\n            <div class=\"u-carousel-item u-effect-fade u-effect-hover-zoom u-gallery-item u-carousel-item-7\" data-image-width=\"1200\" data-image-height=\"677\">\n              <div class=\"u-back-slide\">\n                <img decoding=\"async\" class=\"u-back-image u-expanded\" src=\"https:\/\/cafe-grosskopff.regio-gt.de\/wp-content\/uploads\/2025\/11\/18.jpg\">\n              <\/div>\n              <div class=\"u-align-center u-over-slide u-shading u-valign-bottom u-over-slide-7\"><\/div>\n              <style data-mode=\"XL\" data-visited=\"true\"><\/style>\n              <style data-mode=\"LG\"><\/style>\n              <style data-mode=\"MD\"><\/style>\n              <style data-mode=\"SM\"><\/style>\n              <style data-mode=\"XS\"><\/style>\n            <\/div>\n            <div class=\"u-carousel-item u-effect-fade u-effect-hover-zoom u-gallery-item u-carousel-item-8\" data-image-width=\"1200\" data-image-height=\"677\">\n              <div class=\"u-back-slide\">\n                <img decoding=\"async\" class=\"u-back-image u-expanded\" src=\"https:\/\/cafe-grosskopff.regio-gt.de\/wp-content\/uploads\/2025\/11\/04.jpg\">\n              <\/div>\n              <div class=\"u-align-center u-over-slide u-shading u-valign-bottom u-over-slide-8\"><\/div>\n              <style data-mode=\"XL\" data-visited=\"true\"><\/style>\n              <style data-mode=\"LG\"><\/style>\n              <style data-mode=\"MD\"><\/style>\n              <style data-mode=\"SM\"><\/style>\n              <style data-mode=\"XS\"><\/style>\n            <\/div>\n            <div class=\"u-carousel-item u-effect-fade u-effect-hover-zoom u-gallery-item u-carousel-item-9\" data-image-width=\"1200\" data-image-height=\"800\">\n              <div class=\"u-back-slide\">\n                <img decoding=\"async\" class=\"u-back-image u-expanded\" src=\"https:\/\/cafe-grosskopff.regio-gt.de\/wp-content\/uploads\/2025\/11\/19.jpg\">\n              <\/div>\n              <div class=\"u-align-center u-over-slide u-shading u-valign-bottom u-over-slide-9\"><\/div>\n              <style data-mode=\"XL\" data-visited=\"true\"><\/style>\n              <style data-mode=\"LG\"><\/style>\n              <style data-mode=\"MD\"><\/style>\n              <style data-mode=\"SM\"><\/style>\n              <style data-mode=\"XS\"><\/style>\n            <\/div>\n          <\/div>\n          <a class=\"u-absolute-vcenter u-carousel-control u-carousel-control-prev u-grey-70 u-icon-circle u-opacity u-opacity-70 u-spacing-10 u-text-white u-carousel-control-1\" href=\"#carousel-ba74\" role=\"button\" data-u-slide=\"prev\">\n            <span aria-hidden=\"true\">\n              <svg viewBox=\"0 0 451.847 451.847\"><path d=\"M97.141,225.92c0-8.095,3.091-16.192,9.259-22.366L300.689,9.27c12.359-12.359,32.397-12.359,44.751,0\nc12.354,12.354,12.354,32.388,0,44.748L173.525,225.92l171.903,171.909c12.354,12.354,12.354,32.391,0,44.744\nc-12.354,12.365-32.386,12.365-44.745,0l-194.29-194.281C100.226,242.115,97.141,234.018,97.141,225.92z\"><\/path><\/svg>\n            <\/span>\n            <span class=\"sr-only\">\n              <svg viewBox=\"0 0 451.847 451.847\"><path d=\"M97.141,225.92c0-8.095,3.091-16.192,9.259-22.366L300.689,9.27c12.359-12.359,32.397-12.359,44.751,0\nc12.354,12.354,12.354,32.388,0,44.748L173.525,225.92l171.903,171.909c12.354,12.354,12.354,32.391,0,44.744\nc-12.354,12.365-32.386,12.365-44.745,0l-194.29-194.281C100.226,242.115,97.141,234.018,97.141,225.92z\"><\/path><\/svg>\n            <\/span>\n          <\/a>\n          <a class=\"u-absolute-vcenter u-carousel-control u-carousel-control-next u-grey-70 u-icon-circle u-opacity u-opacity-70 u-spacing-10 u-text-white u-carousel-control-2\" href=\"#carousel-ba74\" role=\"button\" data-u-slide=\"next\">\n            <span aria-hidden=\"true\">\n              <svg viewBox=\"0 0 451.846 451.847\"><path d=\"M345.441,248.292L151.154,442.573c-12.359,12.365-32.397,12.365-44.75,0c-12.354-12.354-12.354-32.391,0-44.744\nL278.318,225.92L106.409,54.017c-12.354-12.359-12.354-32.394,0-44.748c12.354-12.359,32.391-12.359,44.75,0l194.287,194.284\nc6.177,6.18,9.262,14.271,9.262,22.366C354.708,234.018,351.617,242.115,345.441,248.292z\"><\/path><\/svg>\n            <\/span>\n            <span class=\"sr-only\">\n              <svg viewBox=\"0 0 451.846 451.847\"><path d=\"M345.441,248.292L151.154,442.573c-12.359,12.365-32.397,12.365-44.75,0c-12.354-12.354-12.354-32.391,0-44.744\nL278.318,225.92L106.409,54.017c-12.354-12.359-12.354-32.394,0-44.748c12.354-12.359,32.391-12.359,44.75,0l194.287,194.284\nc6.177,6.18,9.262,14.271,9.262,22.366C354.708,234.018,351.617,242.115,345.441,248.292z\"><\/path><\/svg>\n            <\/span>\n          <\/a>\n        <\/div>\n      <\/div>\n    <\/section>\n    <section class=\"u-clearfix u-palette-5-light-2 u-section-3\" id=\"sec-8f2f\">\n      <div class=\"u-clearfix u-sheet u-sheet-1\">\n        <div class=\"u-expanded-width-lg u-expanded-width-md u-expanded-width-sm u-expanded-width-xs u-hidden-md u-hidden-sm u-hidden-xs u-list u-list-1\">\n          <div class=\"u-repeater u-repeater-1\">\n            <div class=\"u-container-style u-image u-list-item u-repeater-item u-image-1\" data-image-width=\"225\" data-image-height=\"225\" style=\"background-image: url(&quot;https:\/\/cafe-grosskopff.regio-gt.de\/wp-content\/uploads\/2025\/11\/eingang.jpg&quot;);\">\n              <div class=\"u-container-layout u-similar-container u-valign-top u-container-layout-1\"><\/div>\n            <\/div>\n            <div class=\"u-container-style u-image u-list-item u-repeater-item u-image-2\" data-image-width=\"225\" data-image-height=\"225\" style=\"background-image: url(&quot;https:\/\/cafe-grosskopff.regio-gt.de\/wp-content\/uploads\/2025\/11\/schwarzwalder-test.jpg&quot;);\">\n              <div class=\"u-container-layout u-similar-container u-valign-top u-container-layout-2\"><\/div>\n            <\/div>\n            <div class=\"u-container-style u-image u-list-item u-repeater-item u-image-3\" data-image-width=\"225\" data-image-height=\"225\" style=\"background-image: url(&quot;https:\/\/cafe-grosskopff.regio-gt.de\/wp-content\/uploads\/2025\/11\/kaffee.jpg&quot;);\">\n              <div class=\"u-container-layout u-similar-container u-valign-top u-container-layout-3\"><\/div>\n            <\/div>\n            <div class=\"u-container-style u-image u-list-item u-repeater-item u-image-4\" data-image-width=\"214\" data-image-height=\"225\" style=\"background-image: url(&quot;https:\/\/cafe-grosskopff.regio-gt.de\/wp-content\/uploads\/2025\/11\/olmrausch.jpg&quot;);\">\n              <div class=\"u-container-layout u-similar-container u-valign-top u-container-layout-4\"><\/div>\n            <\/div>\n          <\/div>\n        <\/div>\n        <div class=\"u-container-style u-expanded-width u-group u-white u-group-1\">\n          <div class=\"u-container-layout u-container-layout-5\">\n            <div class=\"fr-view u-clearfix u-rich-text u-text u-text-1\">\n              <h3 style=\"line-height: 1.2;\">\n                <span class=\"u-text-palette-3-dark-2\">Das Caf\u00e9 Gro\u00dfkopff bietet ein einzigartiges Ambiente in Herzebrock<\/span>\n              <\/h3>\n            <\/div>\n            <div class=\"data-layout-selected u-clearfix u-expanded-width-xs u-layout-wrap u-layout-wrap-1\">\n              <div class=\"u-layout\">\n                <div class=\"u-layout-row\">\n                  <div class=\"u-container-style u-layout-cell u-size-30 u-layout-cell-1\">\n                    <div class=\"u-container-layout u-container-layout-6\">\n                      <p class=\"u-text u-text-2\"> F\u00fchlen Sie sich in der Zeit zur\u00fcckversetzt. Das unter Denkmalschutz stehende Geb\u00e4ude strahlt einzigartigen Flair aus.<br>\n                        <br>Tortenplatten an der Wand oder der uralte Steinfu\u00dfboden sorgen f\u00fcr gediegene Gem\u00fctlichkeit.&nbsp;&nbsp;<br>\n                        <br>Sehr beliebt ist in den Sommermonaten unsere&nbsp;Au\u00dfengastronomie mit Blick auf den Herzebrocker Kirchplatz.&nbsp;<br>\n                        <br>Genie\u00dfen Sie Kaffee und Kuchen in einer gediegenen Atmosph\u00e4re und lassen Sie sich von den stets gut gelaunten Mitarbeitern bedienen. \n                      <\/p>\n                    <\/div>\n                  <\/div>\n                  <div class=\"u-container-align-center u-container-style u-hidden-sm u-hidden-xs u-image u-layout-cell u-size-30 u-image-5\" data-image-width=\"1200\" data-image-height=\"677\" style=\"background-image: url(&quot;https:\/\/cafe-grosskopff.regio-gt.de\/wp-content\/uploads\/2025\/11\/03.jpg&quot;);\">\n                    <div class=\"u-container-layout u-container-layout-7\"><\/div>\n                  <\/div>\n                <\/div>\n              <\/div>\n            <\/div>\n            <div class=\"custom-expanded u-gallery u-hidden-xs u-layout-grid u-lightbox u-show-text-on-hover u-gallery-1\">\n              <div class=\"u-gallery-inner u-gallery-inner-1\">\n                <div class=\"u-effect-fade u-gallery-item\">\n                  <div class=\"u-back-slide\" data-image-width=\"1200\" data-image-height=\"900\">\n                    <img decoding=\"async\" class=\"u-back-image u-expanded\" src=\"https:\/\/cafe-grosskopff.regio-gt.de\/wp-content\/uploads\/2025\/11\/01.jpg\">\n                  <\/div>\n                  <div class=\"u-over-slide u-shading u-over-slide-1\"><\/div>\n                <\/div>\n                <div class=\"u-effect-fade u-gallery-item\">\n                  <div class=\"u-back-slide\" data-image-width=\"1200\" data-image-height=\"677\">\n                    <img decoding=\"async\" class=\"u-back-image u-expanded\" src=\"https:\/\/cafe-grosskopff.regio-gt.de\/wp-content\/uploads\/2025\/11\/03.jpg\">\n                  <\/div>\n                  <div class=\"u-over-slide u-shading u-over-slide-2\"><\/div>\n                <\/div>\n                <div class=\"u-effect-fade u-gallery-item\" data-href=\"#\">\n                  <div class=\"u-back-slide\" data-image-width=\"1200\" data-image-height=\"677\">\n                    <img decoding=\"async\" class=\"u-back-image u-expanded\" src=\"https:\/\/cafe-grosskopff.regio-gt.de\/wp-content\/uploads\/2025\/11\/04.jpg\">\n                  <\/div>\n                  <div class=\"u-over-slide u-shading u-over-slide-3\"><\/div>\n                <\/div>\n                <div class=\"u-effect-fade u-gallery-item\">\n                  <div class=\"u-back-slide\" data-image-width=\"1200\" data-image-height=\"540\">\n                    <img decoding=\"async\" class=\"u-back-image u-expanded\" src=\"https:\/\/cafe-grosskopff.regio-gt.de\/wp-content\/uploads\/2025\/11\/02.jpg\">\n                  <\/div>\n                  <div class=\"u-over-slide u-shading u-over-slide-4\"><\/div>\n                <\/div>\n                <div class=\"u-effect-fade u-gallery-item\">\n                  <div class=\"u-back-slide\" data-image-width=\"1200\" data-image-height=\"800\">\n                    <img decoding=\"async\" class=\"u-back-image u-expanded\" src=\"https:\/\/cafe-grosskopff.regio-gt.de\/wp-content\/uploads\/2025\/11\/08.jpg\">\n                  <\/div>\n                  <div class=\"u-over-slide u-shading u-over-slide-5\"><\/div>\n                <\/div>\n                <div class=\"u-effect-fade u-gallery-item\">\n                  <div class=\"u-back-slide\" data-image-width=\"1200\" data-image-height=\"800\">\n                    <img decoding=\"async\" class=\"u-back-image u-expanded\" src=\"https:\/\/cafe-grosskopff.regio-gt.de\/wp-content\/uploads\/2025\/11\/07.jpg\">\n                  <\/div>\n                  <div class=\"u-over-slide u-shading u-over-slide-6\"><\/div>\n                <\/div>\n                <div class=\"u-effect-fade u-gallery-item\">\n                  <div class=\"u-back-slide\" data-image-width=\"1200\" data-image-height=\"540\">\n                    <img decoding=\"async\" class=\"u-back-image u-expanded\" src=\"https:\/\/cafe-grosskopff.regio-gt.de\/wp-content\/uploads\/2025\/11\/11.jpg\">\n                  <\/div>\n                  <div class=\"u-over-slide u-shading u-over-slide-7\"><\/div>\n                <\/div>\n                <div class=\"u-effect-fade u-gallery-item\">\n                  <div class=\"u-back-slide\" data-image-width=\"1200\" data-image-height=\"540\">\n                    <img decoding=\"async\" class=\"u-back-image u-expanded\" src=\"https:\/\/cafe-grosskopff.regio-gt.de\/wp-content\/uploads\/2025\/11\/10.jpg\">\n                  <\/div>\n                  <div class=\"u-over-slide u-shading u-over-slide-8\"><\/div>\n                <\/div>\n                <div class=\"u-effect-fade u-gallery-item\">\n                  <div class=\"u-back-slide\" data-image-width=\"1200\" data-image-height=\"540\">\n                    <img decoding=\"async\" class=\"u-back-image u-expanded\" src=\"https:\/\/cafe-grosskopff.regio-gt.de\/wp-content\/uploads\/2025\/11\/13.jpg\">\n                  <\/div>\n                  <div class=\"u-over-slide u-shading u-over-slide-9\"><\/div>\n                <\/div>\n                <div class=\"u-effect-fade u-gallery-item\">\n                  <div class=\"u-back-slide\" data-image-width=\"1200\" data-image-height=\"677\">\n                    <img decoding=\"async\" class=\"u-back-image u-expanded\" src=\"https:\/\/cafe-grosskopff.regio-gt.de\/wp-content\/uploads\/2025\/11\/16.jpg\">\n                  <\/div>\n                  <div class=\"u-over-slide u-shading u-over-slide-10\"><\/div>\n                <\/div>\n                <div class=\"u-effect-fade u-gallery-item\">\n                  <div class=\"u-back-slide\" data-image-width=\"1200\" data-image-height=\"677\">\n                    <img decoding=\"async\" class=\"u-back-image u-expanded\" src=\"https:\/\/cafe-grosskopff.regio-gt.de\/wp-content\/uploads\/2025\/11\/14.jpg\">\n                  <\/div>\n                  <div class=\"u-over-slide u-shading u-over-slide-11\"><\/div>\n                <\/div>\n                <div class=\"u-effect-fade u-gallery-item\">\n                  <div class=\"u-back-slide\" data-image-width=\"1200\" data-image-height=\"677\">\n                    <img decoding=\"async\" class=\"u-back-image u-expanded\" src=\"https:\/\/cafe-grosskopff.regio-gt.de\/wp-content\/uploads\/2025\/11\/18.jpg\">\n                  <\/div>\n                  <div class=\"u-over-slide u-shading u-over-slide-12\"><\/div>\n                <\/div>\n                <div class=\"u-effect-fade u-gallery-item\">\n                  <div class=\"u-back-slide\" data-image-width=\"1200\" data-image-height=\"677\">\n                    <img decoding=\"async\" class=\"u-back-image u-expanded\" src=\"https:\/\/cafe-grosskopff.regio-gt.de\/wp-content\/uploads\/2025\/11\/15.jpg\">\n                  <\/div>\n                  <div class=\"u-over-slide u-shading u-over-slide-13\"><\/div>\n                <\/div>\n                <div class=\"u-effect-fade u-gallery-item\">\n                  <div class=\"u-back-slide\" data-image-width=\"1200\" data-image-height=\"677\">\n                    <img decoding=\"async\" class=\"u-back-image u-expanded\" src=\"https:\/\/cafe-grosskopff.regio-gt.de\/wp-content\/uploads\/2025\/11\/17.jpg\">\n                  <\/div>\n                  <div class=\"u-over-slide u-shading u-over-slide-14\"><\/div>\n                <\/div>\n                <div class=\"u-effect-fade u-gallery-item\">\n                  <div class=\"u-back-slide\" data-image-width=\"1200\" data-image-height=\"800\">\n                    <img decoding=\"async\" class=\"u-back-image u-expanded\" src=\"https:\/\/cafe-grosskopff.regio-gt.de\/wp-content\/uploads\/2025\/11\/19.jpg\">\n                  <\/div>\n                  <div class=\"u-over-slide u-shading u-over-slide-15\"><\/div>\n                <\/div>\n              <\/div>\n            <\/div>\n            <div class=\"u-expanded-width-xs u-video u-video-contain u-video-1\">\n              <div class=\"embed-responsive\">\n                <video class=\"embed-responsive-item\" controls=\"\">\n                  <source src=\"https:\/\/cafe-grosskopff.regio-gt.de\/video\/ambiente-01.mp4\" type=\"video\/mp4\">\n                  <p>Your browser does not support HTML5 video.<\/p>\n                <\/video>\n                <button class=\"u-video-poster\"><\/button>\n              <\/div>\n            <\/div>\n            <img decoding=\"async\" class=\"u-hidden-xs u-image u-image-default u-image-6\" src=\"https:\/\/cafe-grosskopff.regio-gt.de\/wp-content\/uploads\/2025\/11\/21.jpg\" alt=\"\" data-image-width=\"1200\" data-image-height=\"898\">\n            <div class=\"u-expanded-width-xs u-video u-video-contain u-video-2\">\n              <div class=\"embed-responsive\">\n                <video class=\"embed-responsive-item\" controls=\"\">\n                  <source src=\"https:\/\/cafe-grosskopff.regio-gt.de\/video\/ambiente-02.mp4\" type=\"video\/mp4\">\n                  <p>Your browser does not support HTML5 video.<\/p>\n                <\/video>\n                <button class=\"u-video-poster\"><\/button>\n              <\/div>\n            <\/div>\n          <\/div>\n        <\/div>\n      <\/div>\n    <\/section>\n    \n    \n    \n    \n    \n    \n  \n","protected":false},"excerpt":{"rendered":"<p>Sample Title Sample Text Beispiel-Titel Beispiel-Text Beispiel-Titel Beispiel-Text Beispiel-Titel Beispiel-Text Das Caf\u00e9 Gro\u00dfkopff bietet ein einzigartiges Ambiente in Herzebrock F\u00fchlen Sie sich in der Zeit zur\u00fcckversetzt. Das unter Denkmalschutz stehende Geb\u00e4ude strahlt einzigartigen Flair aus. Tortenplatten an der Wand oder der uralte Steinfu\u00dfboden sorgen f\u00fcr gediegene Gem\u00fctlichkeit.&nbsp;&nbsp; Sehr beliebt ist in den Sommermonaten unsere&nbsp;Au\u00dfengastronomie mit &hellip; <a href=\"https:\/\/cafe-grosskopff.regio-gt.de\/startseite\/ambiente\/\" class=\"more-link\">Continue reading<span class=\"screen-reader-text\"> &#8222;Ambiente&#8220;<\/span><\/a><\/p>\n","protected":false},"author":1,"featured_media":0,"parent":0,"menu_order":2,"comment_status":"closed","ping_status":"closed","template":"","meta":{"footnotes":""},"class_list":["post-51","page","type-page","status-publish","hentry"],"_links":{"self":[{"href":"https:\/\/cafe-grosskopff.regio-gt.de\/startseite\/wp-json\/wp\/v2\/pages\/51","targetHints":{"allow":["GET"]}}],"collection":[{"href":"https:\/\/cafe-grosskopff.regio-gt.de\/startseite\/wp-json\/wp\/v2\/pages"}],"about":[{"href":"https:\/\/cafe-grosskopff.regio-gt.de\/startseite\/wp-json\/wp\/v2\/types\/page"}],"author":[{"embeddable":true,"href":"https:\/\/cafe-grosskopff.regio-gt.de\/startseite\/wp-json\/wp\/v2\/users\/1"}],"replies":[{"embeddable":true,"href":"https:\/\/cafe-grosskopff.regio-gt.de\/startseite\/wp-json\/wp\/v2\/comments?post=51"}],"version-history":[{"count":3,"href":"https:\/\/cafe-grosskopff.regio-gt.de\/startseite\/wp-json\/wp\/v2\/pages\/51\/revisions"}],"predecessor-version":[{"id":89,"href":"https:\/\/cafe-grosskopff.regio-gt.de\/startseite\/wp-json\/wp\/v2\/pages\/51\/revisions\/89"}],"wp:attachment":[{"href":"https:\/\/cafe-grosskopff.regio-gt.de\/startseite\/wp-json\/wp\/v2\/media?parent=51"}],"curies":[{"name":"wp","href":"https:\/\/api.w.org\/{rel}","templated":true}]}}